{"id":3332,"date":"2020-03-24T09:10:38","date_gmt":"2020-03-24T09:10:38","guid":{"rendered":"https:\/\/melarguesthouse.is\/history\/"},"modified":"2026-01-30T11:41:04","modified_gmt":"2026-01-30T11:41:04","slug":"history","status":"publish","type":"page","link":"https:\/\/melarguesthouse.is\/en\/history\/","title":{"rendered":"History"},"content":{"rendered":"\t\t<div data-elementor-type=\"wp-page\" data-elementor-id=\"3332\" class=\"elementor elementor-3332 elementor-177\" data-elementor-post-type=\"page\">\n\t\t\t\t\t\t<section class=\"elementor-section elementor-top-section elementor-element elementor-element-1e13df55 elementor-section-height-min-height elementor-section-boxed elementor-section-height-default elementor-section-items-middle\" data-id=\"1e13df55\" data-element_type=\"section\" data-e-type=\"section\" data-settings=\"{&quot;background_background&quot;:&quot;classic&quot;}\">\n\t\t\t\t\t\t\t<div class=\"elementor-background-overlay\"><\/div>\n\t\t\t\t\t\t\t<div class=\"elementor-container elementor-column-gap-default\">\n\t\t\t\t\t<div class=\"elementor-column elementor-col-100 elementor-top-column elementor-element elementor-element-5fb5b8f\" data-id=\"5fb5b8f\" data-element_type=\"column\" data-e-type=\"column\">\n\t\t\t<div class=\"elementor-widget-wrap elementor-element-populated\">\n\t\t\t\t\t\t<div class=\"elementor-element elementor-element-35d07e47 elementor-widget elementor-widget-heading\" data-id=\"35d07e47\" data-element_type=\"widget\" data-e-type=\"widget\" data-widget_type=\"heading.default\">\n\t\t\t\t\t<h2 class=\"elementor-heading-title elementor-size-default\">HISTORY<\/h2>\t\t\t\t<\/div>\n\t\t\t\t\t<\/div>\n\t\t<\/div>\n\t\t\t\t\t<\/div>\n\t\t<\/section>\n\t\t\t\t<section class=\"elementor-section elementor-top-section elementor-element elementor-element-78192557 elementor-section-height-min-height elementor-section-boxed elementor-section-height-default elementor-section-items-middle\" data-id=\"78192557\" data-element_type=\"section\" data-e-type=\"section\">\n\t\t\t\t\t\t<div class=\"elementor-container elementor-column-gap-default\">\n\t\t\t\t\t<div class=\"elementor-column elementor-col-100 elementor-top-column elementor-element elementor-element-83c541b\" data-id=\"83c541b\" data-element_type=\"column\" data-e-type=\"column\">\n\t\t\t<div class=\"elementor-widget-wrap elementor-element-populated\">\n\t\t\t\t\t\t<div class=\"elementor-element elementor-element-63e407b elementor-widget elementor-widget-heading\" data-id=\"63e407b\" data-element_type=\"widget\" data-e-type=\"widget\" data-widget_type=\"heading.default\">\n\t\t\t\t\t<h2 class=\"elementor-heading-title elementor-size-default\">HISTORY<\/h2>\t\t\t\t<\/div>\n\t\t\t\t<div class=\"elementor-element elementor-element-7c639db9 elementor-widget elementor-widget-text-editor\" data-id=\"7c639db9\" data-element_type=\"widget\" data-e-type=\"widget\" data-widget_type=\"text-editor.default\">\n\t\t\t\t\t\t\t\t\t<p>Melar was built in 1930 by Kristjana \u00deorsteinsd\u00f3ttir, a housewife and \u00a0bookseller\u00a0 (b.\u00a0 1905 \u2013 d. 1979) from Litlu Reykir in Reykjadalur, \u00a0and her husband, J\u00f3n \u00c1rnason, a local engineer (b. 1902 \u2013 d.1962), who was raised in Bakki, \u00a0the house that then neighboured Melar. Kristjana and J\u00f3n got married the year they moved into Melar rearing a family of \u00a0seven children, the first one born in 1931 and the last in 1946.\u00a0 In 1936 Kristjana and J\u00f3n bought a book store which they operated in their house until the year 1978. For over forty years Kristjana was responsible for running the book store.<\/p>\n<p>Kristjana and Jon kept their cows in a barn on the ground floor of the house.\u00a0\u00a0 It was very common, well into the 1970s, for\u00a0 families to have their own livestock \u00a0maintained within the village. The spacious kitchen \u00a0was also on the ground floor.\u00a0\u00a0 One can only imagine the stories the walls could tell!<\/p>\n<p>Many relatives, \u00a0and other tenants,\u00a0 stayed in the house for \u00a0shorter or longer periods of time while Kristjana and J\u00f3n lived there, and several of their descendants were born in the house between the years 1954 and 1964. After Kristjana died in 1979 \u00a0numerous other villagers \u00a0lodged in the house.<\/p>\n<p>When Hildur, the present owner, bought the house in 2016 it desperately needed complete renovation. Subsequently, Hildur and her team have worked at the renovation with an emphasis on sustaining the original look, and spirit, \u00a0of the house.\u00a0\u00a0 The guesthouse stands tall on the seafront overlooking the harbor, the beach and the ocean. \u00a0\u00a0While \u00a0the harsh nordic winter winds and snowstorms have blown heavily on the wall of Melar for 90 years, the birdlife, sunsets, the colors of nature, \u00a0as well as the wonderfully long summer nights \u00a0by the Arctic Circle, make up for everything that may seem cold at times. <strong>If only walls could talk !<\/strong><\/p>\n\t\t\t\t\t\t\t\t<\/div>\n\t\t\t\t<div class=\"elementor-element elementor-element-731e0fbe elementor-widget elementor-widget-gallery\" data-id=\"731e0fbe\" data-element_type=\"widget\" data-e-type=\"widget\" data-settings=\"{&quot;gallery_layout&quot;:&quot;masonry&quot;,&quot;columns&quot;:3,&quot;lazyload&quot;:&quot;yes&quot;,&quot;columns_tablet&quot;:2,&quot;columns_mobile&quot;:1,&quot;gap&quot;:{&quot;unit&quot;:&quot;px&quot;,&quot;size&quot;:10,&quot;sizes&quot;:[]},&quot;gap_tablet&quot;:{&quot;unit&quot;:&quot;px&quot;,&quot;size&quot;:10,&quot;sizes&quot;:[]},&quot;gap_mobile&quot;:{&quot;unit&quot;:&quot;px&quot;,&quot;size&quot;:10,&quot;sizes&quot;:[]},&quot;link_to&quot;:&quot;file&quot;,&quot;overlay_background&quot;:&quot;yes&quot;,&quot;content_hover_animation&quot;:&quot;fade-in&quot;}\" data-widget_type=\"gallery.default\">\n\t\t\t\t\t\t\t<div class=\"elementor-gallery__container\">\n\t\t\t\t\t\t\t<a class=\"e-gallery-item elementor-gallery-item elementor-animated-content\" href=\"https:\/\/melarguesthouse.is\/wp-content\/uploads\/2021\/02\/IMG_3999.jpg\" data-elementor-open-lightbox=\"yes\" data-elementor-lightbox-slideshow=\"731e0fbe\" data-elementor-lightbox-title=\"IMG_3999\" data-e-action-hash=\"#elementor-action%3Aaction%3Dlightbox%26settings%3DeyJpZCI6MjUxNCwidXJsIjoiaHR0cHM6XC9cL21lbGFyZ3Vlc3Rob3VzZS5pc1wvd3AtY29udGVudFwvdXBsb2Fkc1wvMjAyMVwvMDJcL0lNR18zOTk5LmpwZyIsInNsaWRlc2hvdyI6IjczMWUwZmJlIn0%3D\">\n\t\t\t\t\t<div class=\"e-gallery-image elementor-gallery-item__image\" data-thumbnail=\"https:\/\/melarguesthouse.is\/wp-content\/uploads\/2021\/02\/IMG_3999-225x300.jpg\" data-width=\"225\" data-height=\"300\" aria-label=\"\" role=\"img\" ><\/div>\n\t\t\t\t\t\t\t\t\t\t\t<div class=\"elementor-gallery-item__overlay\"><\/div>\n\t\t\t\t\t\t\t\t\t\t\t\t\t\t<\/a>\n\t\t\t\t\t\t\t<a class=\"e-gallery-item elementor-gallery-item elementor-animated-content\" href=\"https:\/\/melarguesthouse.is\/wp-content\/uploads\/2019\/12\/IMG_2456-1-scaled.jpg\" data-elementor-open-lightbox=\"yes\" data-elementor-lightbox-slideshow=\"731e0fbe\" data-elementor-lightbox-title=\"IMG_2456 (1)\" data-e-action-hash=\"#elementor-action%3Aaction%3Dlightbox%26settings%3DeyJpZCI6MjI2OSwidXJsIjoiaHR0cHM6XC9cL21lbGFyZ3Vlc3Rob3VzZS5pc1wvd3AtY29udGVudFwvdXBsb2Fkc1wvMjAxOVwvMTJcL0lNR18yNDU2LTEtc2NhbGVkLmpwZyIsInNsaWRlc2hvdyI6IjczMWUwZmJlIn0%3D\">\n\t\t\t\t\t<div class=\"e-gallery-image elementor-gallery-item__image\" data-thumbnail=\"https:\/\/melarguesthouse.is\/wp-content\/uploads\/2019\/12\/IMG_2456-1-300x225.jpg\" data-width=\"300\" data-height=\"225\" aria-label=\"\" role=\"img\" ><\/div>\n\t\t\t\t\t\t\t\t\t\t\t<div class=\"elementor-gallery-item__overlay\"><\/div>\n\t\t\t\t\t\t\t\t\t\t\t\t\t\t<\/a>\n\t\t\t\t\t\t\t<a class=\"e-gallery-item elementor-gallery-item elementor-animated-content\" href=\"https:\/\/melarguesthouse.is\/wp-content\/uploads\/2020\/04\/Ba\u00f0-FYRIR.jpg\" data-elementor-open-lightbox=\"yes\" data-elementor-lightbox-slideshow=\"731e0fbe\" data-elementor-lightbox-title=\"Ba\u00f0 FYRIR\" data-e-action-hash=\"#elementor-action%3Aaction%3Dlightbox%26settings%3DeyJpZCI6MjMzNSwidXJsIjoiaHR0cHM6XC9cL21lbGFyZ3Vlc3Rob3VzZS5pc1wvd3AtY29udGVudFwvdXBsb2Fkc1wvMjAyMFwvMDRcL0JhXHUwMGYwLUZZUklSLmpwZyIsInNsaWRlc2hvdyI6IjczMWUwZmJlIn0%3D\">\n\t\t\t\t\t<div class=\"e-gallery-image elementor-gallery-item__image\" data-thumbnail=\"https:\/\/melarguesthouse.is\/wp-content\/uploads\/2020\/04\/Ba\u00f0-FYRIR-224x300.jpg\" data-width=\"224\" data-height=\"300\" aria-label=\"\" role=\"img\" ><\/div>\n\t\t\t\t\t\t\t\t\t\t\t<div class=\"elementor-gallery-item__overlay\"><\/div>\n\t\t\t\t\t\t\t\t\t\t\t\t\t\t<\/a>\n\t\t\t\t\t\t\t<a class=\"e-gallery-item elementor-gallery-item elementor-animated-content\" href=\"https:\/\/melarguesthouse.is\/wp-content\/uploads\/2020\/03\/Melar-Studio-bad_g.jpg\" data-elementor-open-lightbox=\"yes\" data-elementor-lightbox-slideshow=\"731e0fbe\" data-elementor-lightbox-title=\"Melar Studio bad_g\" data-e-action-hash=\"#elementor-action%3Aaction%3Dlightbox%26settings%3DeyJpZCI6MjMwOSwidXJsIjoiaHR0cHM6XC9cL21lbGFyZ3Vlc3Rob3VzZS5pc1wvd3AtY29udGVudFwvdXBsb2Fkc1wvMjAyMFwvMDNcL01lbGFyLVN0dWRpby1iYWRfZy5qcGciLCJzbGlkZXNob3ciOiI3MzFlMGZiZSJ9\">\n\t\t\t\t\t<div class=\"e-gallery-image elementor-gallery-item__image\" data-thumbnail=\"https:\/\/melarguesthouse.is\/wp-content\/uploads\/2020\/03\/Melar-Studio-bad_g-225x300.jpg\" data-width=\"225\" data-height=\"300\" aria-label=\"\" role=\"img\" ><\/div>\n\t\t\t\t\t\t\t\t\t\t\t<div class=\"elementor-gallery-item__overlay\"><\/div>\n\t\t\t\t\t\t\t\t\t\t\t\t\t\t<\/a>\n\t\t\t\t\t\t\t<a class=\"e-gallery-item elementor-gallery-item elementor-animated-content\" href=\"https:\/\/melarguesthouse.is\/wp-content\/uploads\/2022\/02\/steinninnogstrakar.jpg\" data-elementor-open-lightbox=\"yes\" data-elementor-lightbox-slideshow=\"731e0fbe\" data-elementor-lightbox-title=\"steinninnogstrakar\" data-e-action-hash=\"#elementor-action%3Aaction%3Dlightbox%26settings%3DeyJpZCI6MzE2MiwidXJsIjoiaHR0cHM6XC9cL21lbGFyZ3Vlc3Rob3VzZS5pc1wvd3AtY29udGVudFwvdXBsb2Fkc1wvMjAyMlwvMDJcL3N0ZWlubmlubm9nc3RyYWthci5qcGciLCJzbGlkZXNob3ciOiI3MzFlMGZiZSJ9\">\n\t\t\t\t\t<div class=\"e-gallery-image elementor-gallery-item__image\" data-thumbnail=\"https:\/\/melarguesthouse.is\/wp-content\/uploads\/2022\/02\/steinninnogstrakar-225x300.jpg\" data-width=\"225\" data-height=\"300\" aria-label=\"\" role=\"img\" ><\/div>\n\t\t\t\t\t\t\t\t\t\t\t<div class=\"elementor-gallery-item__overlay\"><\/div>\n\t\t\t\t\t\t\t\t\t\t\t\t\t\t<\/a>\n\t\t\t\t\t\t\t<a class=\"e-gallery-item elementor-gallery-item elementor-animated-content\" href=\"https:\/\/melarguesthouse.is\/wp-content\/uploads\/2020\/04\/W5A3736.jpg\" data-elementor-open-lightbox=\"yes\" data-elementor-lightbox-slideshow=\"731e0fbe\" data-elementor-lightbox-title=\"_W5A3736\" data-e-action-hash=\"#elementor-action%3Aaction%3Dlightbox%26settings%3DeyJpZCI6MjM3MSwidXJsIjoiaHR0cHM6XC9cL21lbGFyZ3Vlc3Rob3VzZS5pc1wvd3AtY29udGVudFwvdXBsb2Fkc1wvMjAyMFwvMDRcL1c1QTM3MzYuanBnIiwic2xpZGVzaG93IjoiNzMxZTBmYmUifQ%3D%3D\">\n\t\t\t\t\t<div class=\"e-gallery-image elementor-gallery-item__image\" data-thumbnail=\"https:\/\/melarguesthouse.is\/wp-content\/uploads\/2020\/04\/W5A3736-300x200.jpg\" data-width=\"300\" data-height=\"200\" aria-label=\"\" role=\"img\" ><\/div>\n\t\t\t\t\t\t\t\t\t\t\t<div class=\"elementor-gallery-item__overlay\"><\/div>\n\t\t\t\t\t\t\t\t\t\t\t\t\t\t<\/a>\n\t\t\t\t\t\t\t<a class=\"e-gallery-item elementor-gallery-item elementor-animated-content\" href=\"https:\/\/melarguesthouse.is\/wp-content\/uploads\/2020\/04\/studeoi\u0301bu\u0301\u00f0-EFTIR-mynd-1-1.jpg\" data-elementor-open-lightbox=\"yes\" data-elementor-lightbox-slideshow=\"731e0fbe\" data-elementor-lightbox-title=\"studeoi\u0301bu\u0301\u00f0 - EFTIR mynd 1\" data-e-action-hash=\"#elementor-action%3Aaction%3Dlightbox%26settings%3DeyJpZCI6MjMzNywidXJsIjoiaHR0cHM6XC9cL21lbGFyZ3Vlc3Rob3VzZS5pc1wvd3AtY29udGVudFwvdXBsb2Fkc1wvMjAyMFwvMDRcL3N0dWRlb2lcdTAzMDFidVx1MDMwMVx1MDBmMC1FRlRJUi1teW5kLTEtMS5qcGciLCJzbGlkZXNob3ciOiI3MzFlMGZiZSJ9\">\n\t\t\t\t\t<div class=\"e-gallery-image elementor-gallery-item__image\" data-thumbnail=\"https:\/\/melarguesthouse.is\/wp-content\/uploads\/2020\/04\/studeoi\u0301bu\u0301\u00f0-EFTIR-mynd-1-1-300x225.jpg\" data-width=\"300\" data-height=\"225\" aria-label=\"\" role=\"img\" ><\/div>\n\t\t\t\t\t\t\t\t\t\t\t<div class=\"elementor-gallery-item__overlay\"><\/div>\n\t\t\t\t\t\t\t\t\t\t\t\t\t\t<\/a>\n\t\t\t\t\t\t\t<a class=\"e-gallery-item elementor-gallery-item elementor-animated-content\" href=\"https:\/\/melarguesthouse.is\/wp-content\/uploads\/2020\/04\/75264883_1122360354627896_161445338165542912_n.jpg\" data-elementor-open-lightbox=\"yes\" data-elementor-lightbox-slideshow=\"731e0fbe\" data-elementor-lightbox-title=\"75264883_1122360354627896_161445338165542912_n\" data-e-action-hash=\"#elementor-action%3Aaction%3Dlightbox%26settings%3DeyJpZCI6MjMzNCwidXJsIjoiaHR0cHM6XC9cL21lbGFyZ3Vlc3Rob3VzZS5pc1wvd3AtY29udGVudFwvdXBsb2Fkc1wvMjAyMFwvMDRcLzc1MjY0ODgzXzExMjIzNjAzNTQ2Mjc4OTZfMTYxNDQ1MzM4MTY1NTQyOTEyX24uanBnIiwic2xpZGVzaG93IjoiNzMxZTBmYmUifQ%3D%3D\">\n\t\t\t\t\t<div class=\"e-gallery-image elementor-gallery-item__image\" data-thumbnail=\"https:\/\/melarguesthouse.is\/wp-content\/uploads\/2020\/04\/75264883_1122360354627896_161445338165542912_n-225x300.jpg\" data-width=\"225\" data-height=\"300\" aria-label=\"\" role=\"img\" ><\/div>\n\t\t\t\t\t\t\t\t\t\t\t<div class=\"elementor-gallery-item__overlay\"><\/div>\n\t\t\t\t\t\t\t\t\t\t\t\t\t\t<\/a>\n\t\t\t\t\t\t\t<a class=\"e-gallery-item elementor-gallery-item elementor-animated-content\" href=\"https:\/\/melarguesthouse.is\/wp-content\/uploads\/2020\/04\/IMG_6152.jpg\" data-elementor-open-lightbox=\"yes\" data-elementor-lightbox-slideshow=\"731e0fbe\" data-elementor-lightbox-title=\"IMG_6152\" data-e-action-hash=\"#elementor-action%3Aaction%3Dlightbox%26settings%3DeyJpZCI6MjM3NiwidXJsIjoiaHR0cHM6XC9cL21lbGFyZ3Vlc3Rob3VzZS5pc1wvd3AtY29udGVudFwvdXBsb2Fkc1wvMjAyMFwvMDRcL0lNR182MTUyLmpwZyIsInNsaWRlc2hvdyI6IjczMWUwZmJlIn0%3D\">\n\t\t\t\t\t<div class=\"e-gallery-image elementor-gallery-item__image\" data-thumbnail=\"https:\/\/melarguesthouse.is\/wp-content\/uploads\/2020\/04\/IMG_6152-300x225.jpg\" data-width=\"300\" data-height=\"225\" aria-label=\"\" role=\"img\" ><\/div>\n\t\t\t\t\t\t\t\t\t\t\t<div class=\"elementor-gallery-item__overlay\"><\/div>\n\t\t\t\t\t\t\t\t\t\t\t\t\t\t<\/a>\n\t\t\t\t\t\t\t<a class=\"e-gallery-item elementor-gallery-item elementor-animated-content\" href=\"https:\/\/melarguesthouse.is\/wp-content\/uploads\/2020\/04\/IMG_8985.jpg\" data-elementor-open-lightbox=\"yes\" data-elementor-lightbox-slideshow=\"731e0fbe\" data-elementor-lightbox-title=\"IMG_8985\" data-e-action-hash=\"#elementor-action%3Aaction%3Dlightbox%26settings%3DeyJpZCI6MjM4OSwidXJsIjoiaHR0cHM6XC9cL21lbGFyZ3Vlc3Rob3VzZS5pc1wvd3AtY29udGVudFwvdXBsb2Fkc1wvMjAyMFwvMDRcL0lNR184OTg1LmpwZyIsInNsaWRlc2hvdyI6IjczMWUwZmJlIn0%3D\">\n\t\t\t\t\t<div class=\"e-gallery-image elementor-gallery-item__image\" data-thumbnail=\"https:\/\/melarguesthouse.is\/wp-content\/uploads\/2020\/04\/IMG_8985-300x225.jpg\" data-width=\"300\" data-height=\"225\" aria-label=\"\" role=\"img\" ><\/div>\n\t\t\t\t\t\t\t\t\t\t\t<div class=\"elementor-gallery-item__overlay\"><\/div>\n\t\t\t\t\t\t\t\t\t\t\t\t\t\t<\/a>\n\t\t\t\t\t<\/div>\n\t\t\t\t\t<\/div>\n\t\t\t\t\t<\/div>\n\t\t<\/div>\n\t\t\t\t\t<\/div>\n\t\t<\/section>\n\t\t\t\t<\/div>\n\t\t","protected":false},"excerpt":{"rendered":"<p>HISTORY HISTORY Melar was built in 1930 by Kristjana \u00deorsteinsd\u00f3ttir, a housewife and \u00a0bookseller\u00a0 (b.\u00a0 1905 \u2013 d. 1979) from Litlu Reykir in Reykjadalur, \u00a0and her husband, J\u00f3n \u00c1rnason, a local engineer (b. 1902 \u2013 d.1962), who was raised in Bakki, \u00a0the house that then neighboured Melar. Kristjana and J\u00f3n got married the year they [&hellip;]<\/p>\n","protected":false},"author":1,"featured_media":0,"parent":0,"menu_order":0,"comment_status":"closed","ping_status":"closed","template":"elementor_header_footer","meta":{"footnotes":""},"class_list":["post-3332","page","type-page","status-publish","hentry"],"yoast_head":"<!-- This site is optimized with the Yoast SEO plugin v27.3 - https:\/\/yoast.com\/product\/yoast-seo-wordpress\/ -->\n<title>History - MELAR Guesthouse - Saga Melar Guesthouse<\/title>\n<meta name=\"description\" content=\"H\u00fasi\u00f0 Melar var byggt \u00e1ri\u00f0 1930 af Kristj\u00f6nu \u00deorsteinsd\u00f3ttur, h\u00fasm\u00f3\u00f0ur og b\u00f3kakaupmanni f. 25.11 1905, d. 7.10 1979 fr\u00e1 Reykjum \u00ed Reykjadal og manni hennar J\u00f3ni \u00c1rnasyni v\u00e9lstj\u00f3ra hj\u00e1 kaupf\u00e9laginu\" \/>\n<meta name=\"robots\" content=\"index, follow, max-snippet:-1, max-image-preview:large, max-video-preview:-1\" \/>\n<link rel=\"canonical\" href=\"https:\/\/melarguesthouse.is\/en\/history\/\" \/>\n<meta property=\"og:locale\" content=\"en_US\" \/>\n<meta property=\"og:type\" content=\"article\" \/>\n<meta property=\"og:title\" content=\"History - MELAR Guesthouse - Saga Melar Guesthouse\" \/>\n<meta property=\"og:description\" content=\"H\u00fasi\u00f0 Melar var byggt \u00e1ri\u00f0 1930 af Kristj\u00f6nu \u00deorsteinsd\u00f3ttur, h\u00fasm\u00f3\u00f0ur og b\u00f3kakaupmanni f. 25.11 1905, d. 7.10 1979 fr\u00e1 Reykjum \u00ed Reykjadal og manni hennar J\u00f3ni \u00c1rnasyni v\u00e9lstj\u00f3ra hj\u00e1 kaupf\u00e9laginu\" \/>\n<meta property=\"og:url\" content=\"https:\/\/melarguesthouse.is\/en\/history\/\" \/>\n<meta property=\"og:site_name\" content=\"MELAR Guesthouse\" \/>\n<meta property=\"article:modified_time\" content=\"2026-01-30T11:41:04+00:00\" \/>\n<meta name=\"twitter:card\" content=\"summary_large_image\" \/>\n<meta name=\"twitter:label1\" content=\"Est. reading time\" \/>\n\t<meta name=\"twitter:data1\" content=\"2 minutes\" \/>\n<script type=\"application\/ld+json\" class=\"yoast-schema-graph\">{\"@context\":\"https:\\\/\\\/schema.org\",\"@graph\":[{\"@type\":\"WebPage\",\"@id\":\"https:\\\/\\\/melarguesthouse.is\\\/en\\\/history\\\/\",\"url\":\"https:\\\/\\\/melarguesthouse.is\\\/en\\\/history\\\/\",\"name\":\"History - MELAR Guesthouse - Saga Melar Guesthouse\",\"isPartOf\":{\"@id\":\"https:\\\/\\\/melarguesthouse.is\\\/en\\\/#website\"},\"datePublished\":\"2020-03-24T09:10:38+00:00\",\"dateModified\":\"2026-01-30T11:41:04+00:00\",\"description\":\"H\u00fasi\u00f0 Melar var byggt \u00e1ri\u00f0 1930 af Kristj\u00f6nu \u00deorsteinsd\u00f3ttur, h\u00fasm\u00f3\u00f0ur og b\u00f3kakaupmanni f. 25.11 1905, d. 7.10 1979 fr\u00e1 Reykjum \u00ed Reykjadal og manni hennar J\u00f3ni \u00c1rnasyni v\u00e9lstj\u00f3ra hj\u00e1 kaupf\u00e9laginu\",\"breadcrumb\":{\"@id\":\"https:\\\/\\\/melarguesthouse.is\\\/en\\\/history\\\/#breadcrumb\"},\"inLanguage\":\"en-US\",\"potentialAction\":[{\"@type\":\"ReadAction\",\"target\":[\"https:\\\/\\\/melarguesthouse.is\\\/en\\\/history\\\/\"]}]},{\"@type\":\"BreadcrumbList\",\"@id\":\"https:\\\/\\\/melarguesthouse.is\\\/en\\\/history\\\/#breadcrumb\",\"itemListElement\":[{\"@type\":\"ListItem\",\"position\":1,\"name\":\"Home\",\"item\":\"https:\\\/\\\/melarguesthouse.is\\\/en\\\/\"},{\"@type\":\"ListItem\",\"position\":2,\"name\":\"History\"}]},{\"@type\":\"WebSite\",\"@id\":\"https:\\\/\\\/melarguesthouse.is\\\/en\\\/#website\",\"url\":\"https:\\\/\\\/melarguesthouse.is\\\/en\\\/\",\"name\":\"MELAR Guesthouse\",\"description\":\"Iceland\",\"potentialAction\":[{\"@type\":\"SearchAction\",\"target\":{\"@type\":\"EntryPoint\",\"urlTemplate\":\"https:\\\/\\\/melarguesthouse.is\\\/en\\\/?s={search_term_string}\"},\"query-input\":{\"@type\":\"PropertyValueSpecification\",\"valueRequired\":true,\"valueName\":\"search_term_string\"}}],\"inLanguage\":\"en-US\"}]}<\/script>\n<!-- \/ Yoast SEO plugin. -->","yoast_head_json":{"title":"History - MELAR Guesthouse - Saga Melar Guesthouse","description":"H\u00fasi\u00f0 Melar var byggt \u00e1ri\u00f0 1930 af Kristj\u00f6nu \u00deorsteinsd\u00f3ttur, h\u00fasm\u00f3\u00f0ur og b\u00f3kakaupmanni f. 25.11 1905, d. 7.10 1979 fr\u00e1 Reykjum \u00ed Reykjadal og manni hennar J\u00f3ni \u00c1rnasyni v\u00e9lstj\u00f3ra hj\u00e1 kaupf\u00e9laginu","robots":{"index":"index","follow":"follow","max-snippet":"max-snippet:-1","max-image-preview":"max-image-preview:large","max-video-preview":"max-video-preview:-1"},"canonical":"https:\/\/melarguesthouse.is\/en\/history\/","og_locale":"en_US","og_type":"article","og_title":"History - MELAR Guesthouse - Saga Melar Guesthouse","og_description":"H\u00fasi\u00f0 Melar var byggt \u00e1ri\u00f0 1930 af Kristj\u00f6nu \u00deorsteinsd\u00f3ttur, h\u00fasm\u00f3\u00f0ur og b\u00f3kakaupmanni f. 25.11 1905, d. 7.10 1979 fr\u00e1 Reykjum \u00ed Reykjadal og manni hennar J\u00f3ni \u00c1rnasyni v\u00e9lstj\u00f3ra hj\u00e1 kaupf\u00e9laginu","og_url":"https:\/\/melarguesthouse.is\/en\/history\/","og_site_name":"MELAR Guesthouse","article_modified_time":"2026-01-30T11:41:04+00:00","twitter_card":"summary_large_image","twitter_misc":{"Est. reading time":"2 minutes"},"schema":{"@context":"https:\/\/schema.org","@graph":[{"@type":"WebPage","@id":"https:\/\/melarguesthouse.is\/en\/history\/","url":"https:\/\/melarguesthouse.is\/en\/history\/","name":"History - MELAR Guesthouse - Saga Melar Guesthouse","isPartOf":{"@id":"https:\/\/melarguesthouse.is\/en\/#website"},"datePublished":"2020-03-24T09:10:38+00:00","dateModified":"2026-01-30T11:41:04+00:00","description":"H\u00fasi\u00f0 Melar var byggt \u00e1ri\u00f0 1930 af Kristj\u00f6nu \u00deorsteinsd\u00f3ttur, h\u00fasm\u00f3\u00f0ur og b\u00f3kakaupmanni f. 25.11 1905, d. 7.10 1979 fr\u00e1 Reykjum \u00ed Reykjadal og manni hennar J\u00f3ni \u00c1rnasyni v\u00e9lstj\u00f3ra hj\u00e1 kaupf\u00e9laginu","breadcrumb":{"@id":"https:\/\/melarguesthouse.is\/en\/history\/#breadcrumb"},"inLanguage":"en-US","potentialAction":[{"@type":"ReadAction","target":["https:\/\/melarguesthouse.is\/en\/history\/"]}]},{"@type":"BreadcrumbList","@id":"https:\/\/melarguesthouse.is\/en\/history\/#breadcrumb","itemListElement":[{"@type":"ListItem","position":1,"name":"Home","item":"https:\/\/melarguesthouse.is\/en\/"},{"@type":"ListItem","position":2,"name":"History"}]},{"@type":"WebSite","@id":"https:\/\/melarguesthouse.is\/en\/#website","url":"https:\/\/melarguesthouse.is\/en\/","name":"MELAR Guesthouse","description":"Iceland","potentialAction":[{"@type":"SearchAction","target":{"@type":"EntryPoint","urlTemplate":"https:\/\/melarguesthouse.is\/en\/?s={search_term_string}"},"query-input":{"@type":"PropertyValueSpecification","valueRequired":true,"valueName":"search_term_string"}}],"inLanguage":"en-US"}]}},"_links":{"self":[{"href":"https:\/\/melarguesthouse.is\/en\/wp-json\/wp\/v2\/pages\/3332","targetHints":{"allow":["GET"]}}],"collection":[{"href":"https:\/\/melarguesthouse.is\/en\/wp-json\/wp\/v2\/pages"}],"about":[{"href":"https:\/\/melarguesthouse.is\/en\/wp-json\/wp\/v2\/types\/page"}],"author":[{"embeddable":true,"href":"https:\/\/melarguesthouse.is\/en\/wp-json\/wp\/v2\/users\/1"}],"replies":[{"embeddable":true,"href":"https:\/\/melarguesthouse.is\/en\/wp-json\/wp\/v2\/comments?post=3332"}],"version-history":[{"count":2,"href":"https:\/\/melarguesthouse.is\/en\/wp-json\/wp\/v2\/pages\/3332\/revisions"}],"predecessor-version":[{"id":4584,"href":"https:\/\/melarguesthouse.is\/en\/wp-json\/wp\/v2\/pages\/3332\/revisions\/4584"}],"wp:attachment":[{"href":"https:\/\/melarguesthouse.is\/en\/wp-json\/wp\/v2\/media?parent=3332"}],"curies":[{"name":"wp","href":"https:\/\/api.w.org\/{rel}","templated":true}]}}