{"id":3366,"date":"2020-04-13T15:28:54","date_gmt":"2020-04-13T15:28:54","guid":{"rendered":"https:\/\/melarguesthouse.is\/birdlife\/"},"modified":"2023-02-15T19:21:37","modified_gmt":"2023-02-15T19:21:37","slug":"birdlife","status":"publish","type":"page","link":"https:\/\/melarguesthouse.is\/en\/birdlife\/","title":{"rendered":"Birdlife"},"content":{"rendered":"\t\t<div data-elementor-type=\"wp-page\" data-elementor-id=\"3366\" class=\"elementor elementor-3366 elementor-338\" data-elementor-post-type=\"page\">\n\t\t\t\t\t\t<section class=\"elementor-section elementor-top-section elementor-element elementor-element-3a462a8e elementor-section-height-min-height elementor-section-boxed elementor-section-height-default elementor-section-items-middle\" data-id=\"3a462a8e\" data-element_type=\"section\" data-e-type=\"section\" data-settings=\"{&quot;background_background&quot;:&quot;classic&quot;,&quot;background_motion_fx_motion_fx_scrolling&quot;:&quot;yes&quot;,&quot;background_motion_fx_translateX_effect&quot;:&quot;yes&quot;,&quot;background_motion_fx_translateX_speed&quot;:{&quot;unit&quot;:&quot;px&quot;,&quot;size&quot;:0.6999999999999999555910790149937383830547332763671875,&quot;sizes&quot;:[]},&quot;background_motion_fx_translateX_affectedRange&quot;:{&quot;unit&quot;:&quot;%&quot;,&quot;size&quot;:&quot;&quot;,&quot;sizes&quot;:{&quot;start&quot;:0,&quot;end&quot;:100}},&quot;background_motion_fx_devices&quot;:[&quot;desktop&quot;,&quot;tablet&quot;,&quot;mobile&quot;]}\">\n\t\t\t\t\t\t\t<div class=\"elementor-background-overlay\"><\/div>\n\t\t\t\t\t\t\t<div class=\"elementor-container elementor-column-gap-default\">\n\t\t\t\t\t<div class=\"elementor-column elementor-col-100 elementor-top-column elementor-element elementor-element-207ccc94\" data-id=\"207ccc94\" data-element_type=\"column\" data-e-type=\"column\">\n\t\t\t<div class=\"elementor-widget-wrap elementor-element-populated\">\n\t\t\t\t\t\t<div class=\"elementor-element elementor-element-712e9e16 elementor-widget elementor-widget-heading\" data-id=\"712e9e16\" data-element_type=\"widget\" data-e-type=\"widget\" data-widget_type=\"heading.default\">\n\t\t\t\t\t<h2 class=\"elementor-heading-title elementor-size-default\">BIRDLIFE<\/h2>\t\t\t\t<\/div>\n\t\t\t\t\t<\/div>\n\t\t<\/div>\n\t\t\t\t\t<\/div>\n\t\t<\/section>\n\t\t\t\t<section class=\"elementor-section elementor-top-section elementor-element elementor-element-6d5457bf elementor-section-height-min-height elementor-section-boxed elementor-section-height-default elementor-section-items-middle\" data-id=\"6d5457bf\" data-element_type=\"section\" data-e-type=\"section\">\n\t\t\t\t\t\t<div class=\"elementor-container elementor-column-gap-default\">\n\t\t\t\t\t<div class=\"elementor-column elementor-col-100 elementor-top-column elementor-element elementor-element-6cd0b287\" data-id=\"6cd0b287\" data-element_type=\"column\" data-e-type=\"column\">\n\t\t\t<div class=\"elementor-widget-wrap elementor-element-populated\">\n\t\t\t\t\t\t<section class=\"elementor-section elementor-inner-section elementor-element elementor-element-e0bd79d elementor-section-boxed elementor-section-height-default elementor-section-height-default\" data-id=\"e0bd79d\" data-element_type=\"section\" data-e-type=\"section\">\n\t\t\t\t\t\t<div class=\"elementor-container elementor-column-gap-default\">\n\t\t\t\t\t<div class=\"elementor-column elementor-col-100 elementor-inner-column elementor-element elementor-element-f82ebd5\" data-id=\"f82ebd5\" data-element_type=\"column\" data-e-type=\"column\">\n\t\t\t<div class=\"elementor-widget-wrap elementor-element-populated\">\n\t\t\t\t\t\t\t<\/div>\n\t\t<\/div>\n\t\t\t\t\t<\/div>\n\t\t<\/section>\n\t\t\t\t<div class=\"elementor-element elementor-element-3f6fa37 elementor-widget elementor-widget-text-editor\" data-id=\"3f6fa37\" data-element_type=\"widget\" data-e-type=\"widget\" data-widget_type=\"text-editor.default\">\n\t\t\t\t\t\t\t\t\t<p>Birdlife in the area is diverse, and therefore a true paradise for all nature lovers and those with an ornithological inclination. Local citizens are available for guided tours and there are bird watching houses in the village and the surrounding area. On the website\u00a0<a href=\"http:\/\/www.birdingstrail.is\">www.birdingtrail.is<\/a>\u00a0you can obtain carefully mapped out instructions on where it is best to enjoy bird watching in the area.<\/p>\n\t\t\t\t\t\t\t\t<\/div>\n\t\t\t\t<div class=\"elementor-element elementor-element-76c30bf9 elementor-widget elementor-widget-gallery\" data-id=\"76c30bf9\" data-element_type=\"widget\" data-e-type=\"widget\" data-settings=\"{&quot;gallery_layout&quot;:&quot;justified&quot;,&quot;ideal_row_height&quot;:{&quot;unit&quot;:&quot;px&quot;,&quot;size&quot;:290,&quot;sizes&quot;:[]},&quot;lazyload&quot;:&quot;yes&quot;,&quot;ideal_row_height_tablet&quot;:{&quot;unit&quot;:&quot;px&quot;,&quot;size&quot;:150,&quot;sizes&quot;:[]},&quot;ideal_row_height_mobile&quot;:{&quot;unit&quot;:&quot;px&quot;,&quot;size&quot;:150,&quot;sizes&quot;:[]},&quot;gap&quot;:{&quot;unit&quot;:&quot;px&quot;,&quot;size&quot;:10,&quot;sizes&quot;:[]},&quot;gap_tablet&quot;:{&quot;unit&quot;:&quot;px&quot;,&quot;size&quot;:10,&quot;sizes&quot;:[]},&quot;gap_mobile&quot;:{&quot;unit&quot;:&quot;px&quot;,&quot;size&quot;:10,&quot;sizes&quot;:[]},&quot;link_to&quot;:&quot;file&quot;,&quot;overlay_background&quot;:&quot;yes&quot;,&quot;content_hover_animation&quot;:&quot;fade-in&quot;}\" data-widget_type=\"gallery.default\">\n\t\t\t\t\t\t\t<div class=\"elementor-gallery__container\">\n\t\t\t\t\t\t\t<a class=\"e-gallery-item elementor-gallery-item elementor-animated-content\" href=\"https:\/\/melarguesthouse.is\/wp-content\/uploads\/2020\/04\/DSCN0193.jpg\" data-elementor-open-lightbox=\"yes\" data-elementor-lightbox-slideshow=\"76c30bf9\" data-elementor-lightbox-title=\"DSCN0193\" data-e-action-hash=\"#elementor-action%3Aaction%3Dlightbox%26settings%3DeyJpZCI6Mzg0LCJ1cmwiOiJodHRwczpcL1wvbWVsYXJndWVzdGhvdXNlLmlzXC93cC1jb250ZW50XC91cGxvYWRzXC8yMDIwXC8wNFwvRFNDTjAxOTMuanBnIiwic2xpZGVzaG93IjoiNzZjMzBiZjkifQ%3D%3D\">\n\t\t\t\t\t<div class=\"e-gallery-image elementor-gallery-item__image\" data-thumbnail=\"https:\/\/melarguesthouse.is\/wp-content\/uploads\/2020\/04\/DSCN0193-300x225.jpg\" data-width=\"300\" data-height=\"225\" aria-label=\"\" role=\"img\" ><\/div>\n\t\t\t\t\t\t\t\t\t\t\t<div class=\"elementor-gallery-item__overlay\"><\/div>\n\t\t\t\t\t\t\t\t\t\t\t\t\t\t<\/a>\n\t\t\t\t\t\t\t<a class=\"e-gallery-item elementor-gallery-item elementor-animated-content\" href=\"https:\/\/melarguesthouse.is\/wp-content\/uploads\/2020\/04\/DSCN0739.jpg\" data-elementor-open-lightbox=\"yes\" data-elementor-lightbox-slideshow=\"76c30bf9\" data-elementor-lightbox-title=\"DSCN0739\" data-e-action-hash=\"#elementor-action%3Aaction%3Dlightbox%26settings%3DeyJpZCI6Mzg1LCJ1cmwiOiJodHRwczpcL1wvbWVsYXJndWVzdGhvdXNlLmlzXC93cC1jb250ZW50XC91cGxvYWRzXC8yMDIwXC8wNFwvRFNDTjA3MzkuanBnIiwic2xpZGVzaG93IjoiNzZjMzBiZjkifQ%3D%3D\">\n\t\t\t\t\t<div class=\"e-gallery-image elementor-gallery-item__image\" data-thumbnail=\"https:\/\/melarguesthouse.is\/wp-content\/uploads\/2020\/04\/DSCN0739-300x190.jpg\" data-width=\"300\" data-height=\"190\" aria-label=\"\" role=\"img\" ><\/div>\n\t\t\t\t\t\t\t\t\t\t\t<div class=\"elementor-gallery-item__overlay\"><\/div>\n\t\t\t\t\t\t\t\t\t\t\t\t\t\t<\/a>\n\t\t\t\t\t\t\t<a class=\"e-gallery-item elementor-gallery-item elementor-animated-content\" href=\"https:\/\/melarguesthouse.is\/wp-content\/uploads\/2020\/04\/DSCN1485.jpg\" data-elementor-open-lightbox=\"yes\" data-elementor-lightbox-slideshow=\"76c30bf9\" data-elementor-lightbox-title=\"DSCN1485\" data-e-action-hash=\"#elementor-action%3Aaction%3Dlightbox%26settings%3DeyJpZCI6Mzg2LCJ1cmwiOiJodHRwczpcL1wvbWVsYXJndWVzdGhvdXNlLmlzXC93cC1jb250ZW50XC91cGxvYWRzXC8yMDIwXC8wNFwvRFNDTjE0ODUuanBnIiwic2xpZGVzaG93IjoiNzZjMzBiZjkifQ%3D%3D\">\n\t\t\t\t\t<div class=\"e-gallery-image elementor-gallery-item__image\" data-thumbnail=\"https:\/\/melarguesthouse.is\/wp-content\/uploads\/2020\/04\/DSCN1485-300x211.jpg\" data-width=\"300\" data-height=\"211\" aria-label=\"\" role=\"img\" ><\/div>\n\t\t\t\t\t\t\t\t\t\t\t<div class=\"elementor-gallery-item__overlay\"><\/div>\n\t\t\t\t\t\t\t\t\t\t\t\t\t\t<\/a>\n\t\t\t\t\t\t\t<a class=\"e-gallery-item elementor-gallery-item elementor-animated-content\" href=\"https:\/\/melarguesthouse.is\/wp-content\/uploads\/2020\/04\/DSCN1636.jpg\" data-elementor-open-lightbox=\"yes\" data-elementor-lightbox-slideshow=\"76c30bf9\" data-elementor-lightbox-title=\"DSCN1636\" data-e-action-hash=\"#elementor-action%3Aaction%3Dlightbox%26settings%3DeyJpZCI6Mzg3LCJ1cmwiOiJodHRwczpcL1wvbWVsYXJndWVzdGhvdXNlLmlzXC93cC1jb250ZW50XC91cGxvYWRzXC8yMDIwXC8wNFwvRFNDTjE2MzYuanBnIiwic2xpZGVzaG93IjoiNzZjMzBiZjkifQ%3D%3D\">\n\t\t\t\t\t<div class=\"e-gallery-image elementor-gallery-item__image\" data-thumbnail=\"https:\/\/melarguesthouse.is\/wp-content\/uploads\/2020\/04\/DSCN1636-300x175.jpg\" data-width=\"300\" data-height=\"175\" aria-label=\"\" role=\"img\" ><\/div>\n\t\t\t\t\t\t\t\t\t\t\t<div class=\"elementor-gallery-item__overlay\"><\/div>\n\t\t\t\t\t\t\t\t\t\t\t\t\t\t<\/a>\n\t\t\t\t\t\t\t<a class=\"e-gallery-item elementor-gallery-item elementor-animated-content\" href=\"https:\/\/melarguesthouse.is\/wp-content\/uploads\/2020\/04\/DSCN3045.jpg\" data-elementor-open-lightbox=\"yes\" data-elementor-lightbox-slideshow=\"76c30bf9\" data-elementor-lightbox-title=\"DSCN3045\" data-e-action-hash=\"#elementor-action%3Aaction%3Dlightbox%26settings%3DeyJpZCI6Mzg4LCJ1cmwiOiJodHRwczpcL1wvbWVsYXJndWVzdGhvdXNlLmlzXC93cC1jb250ZW50XC91cGxvYWRzXC8yMDIwXC8wNFwvRFNDTjMwNDUuanBnIiwic2xpZGVzaG93IjoiNzZjMzBiZjkifQ%3D%3D\">\n\t\t\t\t\t<div class=\"e-gallery-image elementor-gallery-item__image\" data-thumbnail=\"https:\/\/melarguesthouse.is\/wp-content\/uploads\/2020\/04\/DSCN3045-300x220.jpg\" data-width=\"300\" data-height=\"220\" aria-label=\"\" role=\"img\" ><\/div>\n\t\t\t\t\t\t\t\t\t\t\t<div class=\"elementor-gallery-item__overlay\"><\/div>\n\t\t\t\t\t\t\t\t\t\t\t\t\t\t<\/a>\n\t\t\t\t\t\t\t<a class=\"e-gallery-item elementor-gallery-item elementor-animated-content\" href=\"https:\/\/melarguesthouse.is\/wp-content\/uploads\/2020\/04\/DSCN4656.jpg\" data-elementor-open-lightbox=\"yes\" data-elementor-lightbox-slideshow=\"76c30bf9\" data-elementor-lightbox-title=\"DSCN4656\" data-e-action-hash=\"#elementor-action%3Aaction%3Dlightbox%26settings%3DeyJpZCI6Mzg5LCJ1cmwiOiJodHRwczpcL1wvbWVsYXJndWVzdGhvdXNlLmlzXC93cC1jb250ZW50XC91cGxvYWRzXC8yMDIwXC8wNFwvRFNDTjQ2NTYuanBnIiwic2xpZGVzaG93IjoiNzZjMzBiZjkifQ%3D%3D\">\n\t\t\t\t\t<div class=\"e-gallery-image elementor-gallery-item__image\" data-thumbnail=\"https:\/\/melarguesthouse.is\/wp-content\/uploads\/2020\/04\/DSCN4656-300x216.jpg\" data-width=\"300\" data-height=\"216\" aria-label=\"\" role=\"img\" ><\/div>\n\t\t\t\t\t\t\t\t\t\t\t<div class=\"elementor-gallery-item__overlay\"><\/div>\n\t\t\t\t\t\t\t\t\t\t\t\t\t\t<\/a>\n\t\t\t\t\t\t\t<a class=\"e-gallery-item elementor-gallery-item elementor-animated-content\" href=\"https:\/\/melarguesthouse.is\/wp-content\/uploads\/2020\/04\/DSCN9294.jpg\" data-elementor-open-lightbox=\"yes\" data-elementor-lightbox-slideshow=\"76c30bf9\" data-elementor-lightbox-title=\"DSCN9294\" data-e-action-hash=\"#elementor-action%3Aaction%3Dlightbox%26settings%3DeyJpZCI6MzkxLCJ1cmwiOiJodHRwczpcL1wvbWVsYXJndWVzdGhvdXNlLmlzXC93cC1jb250ZW50XC91cGxvYWRzXC8yMDIwXC8wNFwvRFNDTjkyOTQuanBnIiwic2xpZGVzaG93IjoiNzZjMzBiZjkifQ%3D%3D\">\n\t\t\t\t\t<div class=\"e-gallery-image elementor-gallery-item__image\" data-thumbnail=\"https:\/\/melarguesthouse.is\/wp-content\/uploads\/2020\/04\/DSCN9294-300x215.jpg\" data-width=\"300\" data-height=\"215\" aria-label=\"\" role=\"img\" ><\/div>\n\t\t\t\t\t\t\t\t\t\t\t<div class=\"elementor-gallery-item__overlay\"><\/div>\n\t\t\t\t\t\t\t\t\t\t\t\t\t\t<\/a>\n\t\t\t\t\t\t\t<a class=\"e-gallery-item elementor-gallery-item elementor-animated-content\" href=\"https:\/\/melarguesthouse.is\/wp-content\/uploads\/2020\/04\/IMG_0437.jpg\" data-elementor-open-lightbox=\"yes\" data-elementor-lightbox-slideshow=\"76c30bf9\" data-elementor-lightbox-title=\"IMG_0437\" data-e-action-hash=\"#elementor-action%3Aaction%3Dlightbox%26settings%3DeyJpZCI6MzkyLCJ1cmwiOiJodHRwczpcL1wvbWVsYXJndWVzdGhvdXNlLmlzXC93cC1jb250ZW50XC91cGxvYWRzXC8yMDIwXC8wNFwvSU1HXzA0MzcuanBnIiwic2xpZGVzaG93IjoiNzZjMzBiZjkifQ%3D%3D\">\n\t\t\t\t\t<div class=\"e-gallery-image elementor-gallery-item__image\" data-thumbnail=\"https:\/\/melarguesthouse.is\/wp-content\/uploads\/2020\/04\/IMG_0437-300x225.jpg\" data-width=\"300\" data-height=\"225\" aria-label=\"\" role=\"img\" ><\/div>\n\t\t\t\t\t\t\t\t\t\t\t<div class=\"elementor-gallery-item__overlay\"><\/div>\n\t\t\t\t\t\t\t\t\t\t\t\t\t\t<\/a>\n\t\t\t\t\t\t\t<a class=\"e-gallery-item elementor-gallery-item elementor-animated-content\" href=\"https:\/\/melarguesthouse.is\/wp-content\/uploads\/2020\/04\/IMG_1124.jpg\" data-elementor-open-lightbox=\"yes\" data-elementor-lightbox-slideshow=\"76c30bf9\" data-elementor-lightbox-title=\"IMG_1124\" data-e-action-hash=\"#elementor-action%3Aaction%3Dlightbox%26settings%3DeyJpZCI6Mzk0LCJ1cmwiOiJodHRwczpcL1wvbWVsYXJndWVzdGhvdXNlLmlzXC93cC1jb250ZW50XC91cGxvYWRzXC8yMDIwXC8wNFwvSU1HXzExMjQuanBnIiwic2xpZGVzaG93IjoiNzZjMzBiZjkifQ%3D%3D\">\n\t\t\t\t\t<div class=\"e-gallery-image elementor-gallery-item__image\" data-thumbnail=\"https:\/\/melarguesthouse.is\/wp-content\/uploads\/2020\/04\/IMG_1124-225x300.jpg\" data-width=\"225\" data-height=\"300\" aria-label=\"\" role=\"img\" ><\/div>\n\t\t\t\t\t\t\t\t\t\t\t<div class=\"elementor-gallery-item__overlay\"><\/div>\n\t\t\t\t\t\t\t\t\t\t\t\t\t\t<\/a>\n\t\t\t\t\t\t\t<a class=\"e-gallery-item elementor-gallery-item elementor-animated-content\" href=\"https:\/\/melarguesthouse.is\/wp-content\/uploads\/2020\/04\/IMG_1125.jpg\" data-elementor-open-lightbox=\"yes\" data-elementor-lightbox-slideshow=\"76c30bf9\" data-elementor-lightbox-title=\"IMG_1125\" data-e-action-hash=\"#elementor-action%3Aaction%3Dlightbox%26settings%3DeyJpZCI6Mzk1LCJ1cmwiOiJodHRwczpcL1wvbWVsYXJndWVzdGhvdXNlLmlzXC93cC1jb250ZW50XC91cGxvYWRzXC8yMDIwXC8wNFwvSU1HXzExMjUuanBnIiwic2xpZGVzaG93IjoiNzZjMzBiZjkifQ%3D%3D\">\n\t\t\t\t\t<div class=\"e-gallery-image elementor-gallery-item__image\" data-thumbnail=\"https:\/\/melarguesthouse.is\/wp-content\/uploads\/2020\/04\/IMG_1125-225x300.jpg\" data-width=\"225\" data-height=\"300\" aria-label=\"\" role=\"img\" ><\/div>\n\t\t\t\t\t\t\t\t\t\t\t<div class=\"elementor-gallery-item__overlay\"><\/div>\n\t\t\t\t\t\t\t\t\t\t\t\t\t\t<\/a>\n\t\t\t\t\t\t\t<a class=\"e-gallery-item elementor-gallery-item elementor-animated-content\" href=\"https:\/\/melarguesthouse.is\/wp-content\/uploads\/2020\/04\/IMG_1129.jpg\" data-elementor-open-lightbox=\"yes\" data-elementor-lightbox-slideshow=\"76c30bf9\" data-elementor-lightbox-title=\"IMG_1129\" data-e-action-hash=\"#elementor-action%3Aaction%3Dlightbox%26settings%3DeyJpZCI6Mzk2LCJ1cmwiOiJodHRwczpcL1wvbWVsYXJndWVzdGhvdXNlLmlzXC93cC1jb250ZW50XC91cGxvYWRzXC8yMDIwXC8wNFwvSU1HXzExMjkuanBnIiwic2xpZGVzaG93IjoiNzZjMzBiZjkifQ%3D%3D\">\n\t\t\t\t\t<div class=\"e-gallery-image elementor-gallery-item__image\" data-thumbnail=\"https:\/\/melarguesthouse.is\/wp-content\/uploads\/2020\/04\/IMG_1129-300x225.jpg\" data-width=\"300\" data-height=\"225\" aria-label=\"\" role=\"img\" ><\/div>\n\t\t\t\t\t\t\t\t\t\t\t<div class=\"elementor-gallery-item__overlay\"><\/div>\n\t\t\t\t\t\t\t\t\t\t\t\t\t\t<\/a>\n\t\t\t\t\t\t\t<a class=\"e-gallery-item elementor-gallery-item elementor-animated-content\" href=\"https:\/\/melarguesthouse.is\/wp-content\/uploads\/2020\/04\/IMG_4332.jpg\" data-elementor-open-lightbox=\"yes\" data-elementor-lightbox-slideshow=\"76c30bf9\" data-elementor-lightbox-title=\"IMG_4332\" data-e-action-hash=\"#elementor-action%3Aaction%3Dlightbox%26settings%3DeyJpZCI6Mzk3LCJ1cmwiOiJodHRwczpcL1wvbWVsYXJndWVzdGhvdXNlLmlzXC93cC1jb250ZW50XC91cGxvYWRzXC8yMDIwXC8wNFwvSU1HXzQzMzIuanBnIiwic2xpZGVzaG93IjoiNzZjMzBiZjkifQ%3D%3D\">\n\t\t\t\t\t<div class=\"e-gallery-image elementor-gallery-item__image\" data-thumbnail=\"https:\/\/melarguesthouse.is\/wp-content\/uploads\/2020\/04\/IMG_4332-300x215.jpg\" data-width=\"300\" data-height=\"215\" aria-label=\"\" role=\"img\" ><\/div>\n\t\t\t\t\t\t\t\t\t\t\t<div class=\"elementor-gallery-item__overlay\"><\/div>\n\t\t\t\t\t\t\t\t\t\t\t\t\t\t<\/a>\n\t\t\t\t\t\t\t<a class=\"e-gallery-item elementor-gallery-item elementor-animated-content\" href=\"https:\/\/melarguesthouse.is\/wp-content\/uploads\/2020\/04\/IMG_6351.jpg\" data-elementor-open-lightbox=\"yes\" data-elementor-lightbox-slideshow=\"76c30bf9\" data-elementor-lightbox-title=\"IMG_6351\" data-e-action-hash=\"#elementor-action%3Aaction%3Dlightbox%26settings%3DeyJpZCI6NDYxLCJ1cmwiOiJodHRwczpcL1wvbWVsYXJndWVzdGhvdXNlLmlzXC93cC1jb250ZW50XC91cGxvYWRzXC8yMDIwXC8wNFwvSU1HXzYzNTEuanBnIiwic2xpZGVzaG93IjoiNzZjMzBiZjkifQ%3D%3D\">\n\t\t\t\t\t<div class=\"e-gallery-image elementor-gallery-item__image\" data-thumbnail=\"https:\/\/melarguesthouse.is\/wp-content\/uploads\/2020\/04\/IMG_6351-300x185.jpg\" data-width=\"300\" data-height=\"185\" aria-label=\"\" role=\"img\" ><\/div>\n\t\t\t\t\t\t\t\t\t\t\t<div class=\"elementor-gallery-item__overlay\"><\/div>\n\t\t\t\t\t\t\t\t\t\t\t\t\t\t<\/a>\n\t\t\t\t\t<\/div>\n\t\t\t\t\t<\/div>\n\t\t\t\t\t<\/div>\n\t\t<\/div>\n\t\t\t\t\t<\/div>\n\t\t<\/section>\n\t\t\t\t<\/div>\n\t\t","protected":false},"excerpt":{"rendered":"<p>BIRDLIFE Birdlife in the area is diverse, and therefore a true paradise for all nature lovers and those with an ornithological inclination. Local citizens are available for guided tours and there are bird watching houses in the village and the surrounding area. On the website\u00a0www.birdingtrail.is\u00a0you can obtain carefully mapped out instructions on where it is [&hellip;]<\/p>\n","protected":false},"author":2,"featured_media":0,"parent":0,"menu_order":0,"comment_status":"closed","ping_status":"closed","template":"elementor_header_footer","meta":{"footnotes":""},"class_list":["post-3366","page","type-page","status-publish","hentry"],"yoast_head":"<!-- This site is optimized with the Yoast SEO plugin v27.3 - https:\/\/yoast.com\/product\/yoast-seo-wordpress\/ -->\n<title>Birdlife - MELAR Guesthouse - Fuglal\u00edf \u00e1 K\u00f3paskeri<\/title>\n<meta name=\"description\" content=\"Fuglal\u00edf \u00e1 K\u00f3paskeri er undursamlegt. \u00c1 Melar Guesthouse er h\u00e6gt a\u00f0 sj\u00e1 fugla og anna\u00f0 d\u00fdral\u00edf \u00ed n\u00e1tturunni \u00ed kring.\" \/>\n<meta name=\"robots\" content=\"index, follow, max-snippet:-1, max-image-preview:large, max-video-preview:-1\" \/>\n<link rel=\"canonical\" href=\"https:\/\/melarguesthouse.is\/en\/birdlife\/\" \/>\n<meta property=\"og:locale\" content=\"en_US\" \/>\n<meta property=\"og:type\" content=\"article\" \/>\n<meta property=\"og:title\" content=\"Birdlife - MELAR Guesthouse - Fuglal\u00edf \u00e1 K\u00f3paskeri\" \/>\n<meta property=\"og:description\" content=\"Fuglal\u00edf \u00e1 K\u00f3paskeri er undursamlegt. \u00c1 Melar Guesthouse er h\u00e6gt a\u00f0 sj\u00e1 fugla og anna\u00f0 d\u00fdral\u00edf \u00ed n\u00e1tturunni \u00ed kring.\" \/>\n<meta property=\"og:url\" content=\"https:\/\/melarguesthouse.is\/en\/birdlife\/\" \/>\n<meta property=\"og:site_name\" content=\"MELAR Guesthouse\" \/>\n<meta property=\"article:modified_time\" content=\"2023-02-15T19:21:37+00:00\" \/>\n<meta name=\"twitter:card\" content=\"summary_large_image\" \/>\n<script type=\"application\/ld+json\" class=\"yoast-schema-graph\">{\"@context\":\"https:\\\/\\\/schema.org\",\"@graph\":[{\"@type\":\"WebPage\",\"@id\":\"https:\\\/\\\/melarguesthouse.is\\\/en\\\/birdlife\\\/\",\"url\":\"https:\\\/\\\/melarguesthouse.is\\\/en\\\/birdlife\\\/\",\"name\":\"Birdlife - MELAR Guesthouse - Fuglal\u00edf \u00e1 K\u00f3paskeri\",\"isPartOf\":{\"@id\":\"https:\\\/\\\/melarguesthouse.is\\\/en\\\/#website\"},\"datePublished\":\"2020-04-13T15:28:54+00:00\",\"dateModified\":\"2023-02-15T19:21:37+00:00\",\"description\":\"Fuglal\u00edf \u00e1 K\u00f3paskeri er undursamlegt. \u00c1 Melar Guesthouse er h\u00e6gt a\u00f0 sj\u00e1 fugla og anna\u00f0 d\u00fdral\u00edf \u00ed n\u00e1tturunni \u00ed kring.\",\"breadcrumb\":{\"@id\":\"https:\\\/\\\/melarguesthouse.is\\\/en\\\/birdlife\\\/#breadcrumb\"},\"inLanguage\":\"en-US\",\"potentialAction\":[{\"@type\":\"ReadAction\",\"target\":[\"https:\\\/\\\/melarguesthouse.is\\\/en\\\/birdlife\\\/\"]}]},{\"@type\":\"BreadcrumbList\",\"@id\":\"https:\\\/\\\/melarguesthouse.is\\\/en\\\/birdlife\\\/#breadcrumb\",\"itemListElement\":[{\"@type\":\"ListItem\",\"position\":1,\"name\":\"Home\",\"item\":\"https:\\\/\\\/melarguesthouse.is\\\/en\\\/\"},{\"@type\":\"ListItem\",\"position\":2,\"name\":\"Birdlife\"}]},{\"@type\":\"WebSite\",\"@id\":\"https:\\\/\\\/melarguesthouse.is\\\/en\\\/#website\",\"url\":\"https:\\\/\\\/melarguesthouse.is\\\/en\\\/\",\"name\":\"MELAR Guesthouse\",\"description\":\"Iceland\",\"potentialAction\":[{\"@type\":\"SearchAction\",\"target\":{\"@type\":\"EntryPoint\",\"urlTemplate\":\"https:\\\/\\\/melarguesthouse.is\\\/en\\\/?s={search_term_string}\"},\"query-input\":{\"@type\":\"PropertyValueSpecification\",\"valueRequired\":true,\"valueName\":\"search_term_string\"}}],\"inLanguage\":\"en-US\"}]}<\/script>\n<!-- \/ Yoast SEO plugin. -->","yoast_head_json":{"title":"Birdlife - MELAR Guesthouse - Fuglal\u00edf \u00e1 K\u00f3paskeri","description":"Fuglal\u00edf \u00e1 K\u00f3paskeri er undursamlegt. \u00c1 Melar Guesthouse er h\u00e6gt a\u00f0 sj\u00e1 fugla og anna\u00f0 d\u00fdral\u00edf \u00ed n\u00e1tturunni \u00ed kring.","robots":{"index":"index","follow":"follow","max-snippet":"max-snippet:-1","max-image-preview":"max-image-preview:large","max-video-preview":"max-video-preview:-1"},"canonical":"https:\/\/melarguesthouse.is\/en\/birdlife\/","og_locale":"en_US","og_type":"article","og_title":"Birdlife - MELAR Guesthouse - Fuglal\u00edf \u00e1 K\u00f3paskeri","og_description":"Fuglal\u00edf \u00e1 K\u00f3paskeri er undursamlegt. \u00c1 Melar Guesthouse er h\u00e6gt a\u00f0 sj\u00e1 fugla og anna\u00f0 d\u00fdral\u00edf \u00ed n\u00e1tturunni \u00ed kring.","og_url":"https:\/\/melarguesthouse.is\/en\/birdlife\/","og_site_name":"MELAR Guesthouse","article_modified_time":"2023-02-15T19:21:37+00:00","twitter_card":"summary_large_image","schema":{"@context":"https:\/\/schema.org","@graph":[{"@type":"WebPage","@id":"https:\/\/melarguesthouse.is\/en\/birdlife\/","url":"https:\/\/melarguesthouse.is\/en\/birdlife\/","name":"Birdlife - MELAR Guesthouse - Fuglal\u00edf \u00e1 K\u00f3paskeri","isPartOf":{"@id":"https:\/\/melarguesthouse.is\/en\/#website"},"datePublished":"2020-04-13T15:28:54+00:00","dateModified":"2023-02-15T19:21:37+00:00","description":"Fuglal\u00edf \u00e1 K\u00f3paskeri er undursamlegt. \u00c1 Melar Guesthouse er h\u00e6gt a\u00f0 sj\u00e1 fugla og anna\u00f0 d\u00fdral\u00edf \u00ed n\u00e1tturunni \u00ed kring.","breadcrumb":{"@id":"https:\/\/melarguesthouse.is\/en\/birdlife\/#breadcrumb"},"inLanguage":"en-US","potentialAction":[{"@type":"ReadAction","target":["https:\/\/melarguesthouse.is\/en\/birdlife\/"]}]},{"@type":"BreadcrumbList","@id":"https:\/\/melarguesthouse.is\/en\/birdlife\/#breadcrumb","itemListElement":[{"@type":"ListItem","position":1,"name":"Home","item":"https:\/\/melarguesthouse.is\/en\/"},{"@type":"ListItem","position":2,"name":"Birdlife"}]},{"@type":"WebSite","@id":"https:\/\/melarguesthouse.is\/en\/#website","url":"https:\/\/melarguesthouse.is\/en\/","name":"MELAR Guesthouse","description":"Iceland","potentialAction":[{"@type":"SearchAction","target":{"@type":"EntryPoint","urlTemplate":"https:\/\/melarguesthouse.is\/en\/?s={search_term_string}"},"query-input":{"@type":"PropertyValueSpecification","valueRequired":true,"valueName":"search_term_string"}}],"inLanguage":"en-US"}]}},"_links":{"self":[{"href":"https:\/\/melarguesthouse.is\/en\/wp-json\/wp\/v2\/pages\/3366","targetHints":{"allow":["GET"]}}],"collection":[{"href":"https:\/\/melarguesthouse.is\/en\/wp-json\/wp\/v2\/pages"}],"about":[{"href":"https:\/\/melarguesthouse.is\/en\/wp-json\/wp\/v2\/types\/page"}],"author":[{"embeddable":true,"href":"https:\/\/melarguesthouse.is\/en\/wp-json\/wp\/v2\/users\/2"}],"replies":[{"embeddable":true,"href":"https:\/\/melarguesthouse.is\/en\/wp-json\/wp\/v2\/comments?post=3366"}],"version-history":[{"count":1,"href":"https:\/\/melarguesthouse.is\/en\/wp-json\/wp\/v2\/pages\/3366\/revisions"}],"predecessor-version":[{"id":3367,"href":"https:\/\/melarguesthouse.is\/en\/wp-json\/wp\/v2\/pages\/3366\/revisions\/3367"}],"wp:attachment":[{"href":"https:\/\/melarguesthouse.is\/en\/wp-json\/wp\/v2\/media?parent=3366"}],"curies":[{"name":"wp","href":"https:\/\/api.w.org\/{rel}","templated":true}]}}